{"id":632,"date":"2025-09-02T01:31:29","date_gmt":"2025-09-02T06:31:29","guid":{"rendered":"https:\/\/jhainternacional.com\/?post_type=product&#038;p=632"},"modified":"2025-09-02T01:31:29","modified_gmt":"2025-09-02T06:31:29","slug":"peinilla-profesional-de-barberia","status":"publish","type":"product","link":"https:\/\/jhainternacional.com\/?product=peinilla-profesional-de-barberia","title":{"rendered":"Peinilla Profesional de Barber\u00eda"},"content":{"rendered":"<p data-start=\"3037\" data-end=\"3075\">\n<ul>\n<li data-start=\"3076\" data-end=\"3120\">\n<p data-start=\"3078\" data-end=\"3120\">Resistente al calor y productos qu\u00edmicos<\/p>\n<\/li>\n<li data-start=\"3121\" data-end=\"3157\">\n<p data-start=\"3123\" data-end=\"3157\">Precisi\u00f3n en cortes y degradados<\/p>\n<\/li>\n<\/ul>\n","protected":false},"excerpt":{"rendered":"<p>Resistente al calor y productos qu\u00edmicos Precisi\u00f3n en cortes y degradados<\/p>\n","protected":false},"featured_media":486,"comment_status":"open","ping_status":"closed","template":"","meta":{"site-sidebar-layout":"default","site-content-layout":"","ast-site-content-layout":"default","site-content-style":"default","site-sidebar-style":"default","ast-global-header-display":"","ast-banner-title-visibility":"","ast-main-header-display":"","ast-hfb-above-header-display":"","ast-hfb-below-header-display":"","ast-hfb-mobile-header-display":"","site-post-title":"","ast-breadcrumbs-content":"","ast-featured-img":"","footer-sml-layout":"","theme-transparent-header-meta":"default","adv-header-id-meta":"","stick-header-meta":"","header-above-stick-meta":"","header-main-stick-meta":"","header-below-stick-meta":"","astra-migrate-meta-layouts":"set","ast-page-background-enabled":"default","ast-page-background-meta":{"desktop":{"background-color":"var(--ast-global-color-5)","background-image":"","background-repeat":"repeat","background-position":"center center","background-size":"auto","background-attachment":"scroll","background-type":"","background-media":"","overlay-type":"","overlay-color":"","overlay-opacity":"","overlay-gradient":""},"tablet":{"background-color":"","background-image":"","background-repeat":"repeat","background-position":"center center","background-size":"auto","background-attachment":"scroll","background-type":"","background-media":"","overlay-type":"","overlay-color":"","overlay-opacity":"","overlay-gradient":""},"mobile":{"background-color":"","background-image":"","background-repeat":"repeat","background-position":"center center","background-size":"auto","background-attachment":"scroll","background-type":"","background-media":"","overlay-type":"","overlay-color":"","overlay-opacity":"","overlay-gradient":""}},"ast-content-background-meta":{"desktop":{"background-color":"var(--ast-global-color-4)","background-image":"","background-repeat":"repeat","background-position":"center center","background-size":"auto","background-attachment":"scroll","background-type":"","background-media":"","overlay-type":"","overlay-color":"","overlay-opacity":"","overlay-gradient":""},"tablet":{"background-color":"var(--ast-global-color-4)","background-image":"","background-repeat":"repeat","background-position":"center center","background-size":"auto","background-attachment":"scroll","background-type":"","background-media":"","overlay-type":"","overlay-color":"","overlay-opacity":"","overlay-gradient":""},"mobile":{"background-color":"var(--ast-global-color-4)","background-image":"","background-repeat":"repeat","background-position":"center center","background-size":"auto","background-attachment":"scroll","background-type":"","background-media":"","overlay-type":"","overlay-color":"","overlay-opacity":"","overlay-gradient":""}},"_joinchat":{"message_text":"\u2702\ufe0f Atendemos barberos y estilistas de toda Colombia\nTenemos cepillos, peinillas y kits profesionales con env\u00edo inmediato.\n\ud83d\udcf2 \u00a1Chatea con nosotros y recibe atenci\u00f3n personalizada!"}},"product_brand":[45],"product_cat":[44],"product_tag":[],"class_list":{"0":"post-632","1":"product","2":"type-product","3":"status-publish","4":"has-post-thumbnail","6":"product_brand-jack-barber","7":"product_cat-barberia","8":"desktop-align-left","9":"tablet-align-left","10":"mobile-align-left","12":"first","13":"instock","14":"taxable","15":"shipping-taxable","16":"product-type-simple"},"yoast_head":"<!-- This site is optimized with the Yoast SEO plugin v25.0 - https:\/\/yoast.com\/wordpress\/plugins\/seo\/ -->\n<title>Peinilla Profesional de Barber\u00eda -<\/title>\n<meta name=\"robots\" content=\"index, follow, max-snippet:-1, max-image-preview:large, max-video-preview:-1\" \/>\n<link rel=\"canonical\" href=\"https:\/\/jhainternacional.com\/?product=peinilla-profesional-de-barberia\" \/>\n<meta property=\"og:locale\" content=\"es_ES\" \/>\n<meta property=\"og:type\" content=\"article\" \/>\n<meta property=\"og:title\" content=\"Peinilla Profesional de Barber\u00eda -\" \/>\n<meta property=\"og:description\" content=\"Resistente al calor y productos qu\u00edmicos Precisi\u00f3n en cortes y degradados\" \/>\n<meta property=\"og:url\" content=\"https:\/\/jhainternacional.com\/?product=peinilla-profesional-de-barberia\" \/>\n<meta property=\"og:image\" content=\"https:\/\/jhainternacional.com\/wp-content\/uploads\/2025\/07\/IMG-20250624-WA0019.jpg\" \/>\n\t<meta property=\"og:image:width\" content=\"1433\" \/>\n\t<meta property=\"og:image:height\" content=\"1600\" \/>\n\t<meta property=\"og:image:type\" content=\"image\/jpeg\" \/>\n<meta name=\"twitter:card\" content=\"summary_large_image\" \/>\n<meta name=\"twitter:label1\" content=\"Tiempo de lectura\" \/>\n\t<meta name=\"twitter:data1\" content=\"1 minuto\" \/>\n<script type=\"application\/ld+json\" class=\"yoast-schema-graph\">{\"@context\":\"https:\/\/schema.org\",\"@graph\":[{\"@type\":\"WebPage\",\"@id\":\"https:\/\/jhainternacional.com\/?product=peinilla-profesional-de-barberia\",\"url\":\"https:\/\/jhainternacional.com\/?product=peinilla-profesional-de-barberia\",\"name\":\"Peinilla Profesional de Barber\u00eda -\",\"isPartOf\":{\"@id\":\"https:\/\/jhainternacional.com\/#website\"},\"primaryImageOfPage\":{\"@id\":\"https:\/\/jhainternacional.com\/?product=peinilla-profesional-de-barberia#primaryimage\"},\"image\":{\"@id\":\"https:\/\/jhainternacional.com\/?product=peinilla-profesional-de-barberia#primaryimage\"},\"thumbnailUrl\":\"https:\/\/jhainternacional.com\/wp-content\/uploads\/2025\/07\/IMG-20250624-WA0019.jpg\",\"datePublished\":\"2025-09-02T06:31:29+00:00\",\"breadcrumb\":{\"@id\":\"https:\/\/jhainternacional.com\/?product=peinilla-profesional-de-barberia#breadcrumb\"},\"inLanguage\":\"es-CO\",\"potentialAction\":[{\"@type\":\"ReadAction\",\"target\":[\"https:\/\/jhainternacional.com\/?product=peinilla-profesional-de-barberia\"]}]},{\"@type\":\"ImageObject\",\"inLanguage\":\"es-CO\",\"@id\":\"https:\/\/jhainternacional.com\/?product=peinilla-profesional-de-barberia#primaryimage\",\"url\":\"https:\/\/jhainternacional.com\/wp-content\/uploads\/2025\/07\/IMG-20250624-WA0019.jpg\",\"contentUrl\":\"https:\/\/jhainternacional.com\/wp-content\/uploads\/2025\/07\/IMG-20250624-WA0019.jpg\",\"width\":1433,\"height\":1600},{\"@type\":\"BreadcrumbList\",\"@id\":\"https:\/\/jhainternacional.com\/?product=peinilla-profesional-de-barberia#breadcrumb\",\"itemListElement\":[{\"@type\":\"ListItem\",\"position\":1,\"name\":\"Inicio\",\"item\":\"https:\/\/jhainternacional.com\/\"},{\"@type\":\"ListItem\",\"position\":2,\"name\":\"Tienda\",\"item\":\"https:\/\/jhainternacional.com\/?page_id=186\"},{\"@type\":\"ListItem\",\"position\":3,\"name\":\"Peinilla Profesional de Barber\u00eda\"}]},{\"@type\":\"WebSite\",\"@id\":\"https:\/\/jhainternacional.com\/#website\",\"url\":\"https:\/\/jhainternacional.com\/\",\"name\":\"JHAInternacional\",\"description\":\"\",\"publisher\":{\"@id\":\"https:\/\/jhainternacional.com\/#organization\"},\"potentialAction\":[{\"@type\":\"SearchAction\",\"target\":{\"@type\":\"EntryPoint\",\"urlTemplate\":\"https:\/\/jhainternacional.com\/?s={search_term_string}\"},\"query-input\":{\"@type\":\"PropertyValueSpecification\",\"valueRequired\":true,\"valueName\":\"search_term_string\"}}],\"inLanguage\":\"es-CO\"},{\"@type\":\"Organization\",\"@id\":\"https:\/\/jhainternacional.com\/#organization\",\"name\":\"JHAInternacional\",\"url\":\"https:\/\/jhainternacional.com\/\",\"logo\":{\"@type\":\"ImageObject\",\"inLanguage\":\"es-CO\",\"@id\":\"https:\/\/jhainternacional.com\/#\/schema\/logo\/image\/\",\"url\":\"https:\/\/jhainternacional.com\/wp-content\/uploads\/2025\/07\/cropped-WhatsApp-Image-2025-06-16-at-6.53.00-PM.jpeg\",\"contentUrl\":\"https:\/\/jhainternacional.com\/wp-content\/uploads\/2025\/07\/cropped-WhatsApp-Image-2025-06-16-at-6.53.00-PM.jpeg\",\"width\":1024,\"height\":635,\"caption\":\"JHAInternacional\"},\"image\":{\"@id\":\"https:\/\/jhainternacional.com\/#\/schema\/logo\/image\/\"}}]}<\/script>\n<!-- \/ Yoast SEO plugin. -->","yoast_head_json":{"title":"Peinilla Profesional de Barber\u00eda -","robots":{"index":"index","follow":"follow","max-snippet":"max-snippet:-1","max-image-preview":"max-image-preview:large","max-video-preview":"max-video-preview:-1"},"canonical":"https:\/\/jhainternacional.com\/?product=peinilla-profesional-de-barberia","og_locale":"es_ES","og_type":"article","og_title":"Peinilla Profesional de Barber\u00eda -","og_description":"Resistente al calor y productos qu\u00edmicos Precisi\u00f3n en cortes y degradados","og_url":"https:\/\/jhainternacional.com\/?product=peinilla-profesional-de-barberia","og_image":[{"width":1433,"height":1600,"url":"https:\/\/jhainternacional.com\/wp-content\/uploads\/2025\/07\/IMG-20250624-WA0019.jpg","type":"image\/jpeg"}],"twitter_card":"summary_large_image","twitter_misc":{"Tiempo de lectura":"1 minuto"},"schema":{"@context":"https:\/\/schema.org","@graph":[{"@type":"WebPage","@id":"https:\/\/jhainternacional.com\/?product=peinilla-profesional-de-barberia","url":"https:\/\/jhainternacional.com\/?product=peinilla-profesional-de-barberia","name":"Peinilla Profesional de Barber\u00eda -","isPartOf":{"@id":"https:\/\/jhainternacional.com\/#website"},"primaryImageOfPage":{"@id":"https:\/\/jhainternacional.com\/?product=peinilla-profesional-de-barberia#primaryimage"},"image":{"@id":"https:\/\/jhainternacional.com\/?product=peinilla-profesional-de-barberia#primaryimage"},"thumbnailUrl":"https:\/\/jhainternacional.com\/wp-content\/uploads\/2025\/07\/IMG-20250624-WA0019.jpg","datePublished":"2025-09-02T06:31:29+00:00","breadcrumb":{"@id":"https:\/\/jhainternacional.com\/?product=peinilla-profesional-de-barberia#breadcrumb"},"inLanguage":"es-CO","potentialAction":[{"@type":"ReadAction","target":["https:\/\/jhainternacional.com\/?product=peinilla-profesional-de-barberia"]}]},{"@type":"ImageObject","inLanguage":"es-CO","@id":"https:\/\/jhainternacional.com\/?product=peinilla-profesional-de-barberia#primaryimage","url":"https:\/\/jhainternacional.com\/wp-content\/uploads\/2025\/07\/IMG-20250624-WA0019.jpg","contentUrl":"https:\/\/jhainternacional.com\/wp-content\/uploads\/2025\/07\/IMG-20250624-WA0019.jpg","width":1433,"height":1600},{"@type":"BreadcrumbList","@id":"https:\/\/jhainternacional.com\/?product=peinilla-profesional-de-barberia#breadcrumb","itemListElement":[{"@type":"ListItem","position":1,"name":"Inicio","item":"https:\/\/jhainternacional.com\/"},{"@type":"ListItem","position":2,"name":"Tienda","item":"https:\/\/jhainternacional.com\/?page_id=186"},{"@type":"ListItem","position":3,"name":"Peinilla Profesional de Barber\u00eda"}]},{"@type":"WebSite","@id":"https:\/\/jhainternacional.com\/#website","url":"https:\/\/jhainternacional.com\/","name":"JHAInternacional","description":"","publisher":{"@id":"https:\/\/jhainternacional.com\/#organization"},"potentialAction":[{"@type":"SearchAction","target":{"@type":"EntryPoint","urlTemplate":"https:\/\/jhainternacional.com\/?s={search_term_string}"},"query-input":{"@type":"PropertyValueSpecification","valueRequired":true,"valueName":"search_term_string"}}],"inLanguage":"es-CO"},{"@type":"Organization","@id":"https:\/\/jhainternacional.com\/#organization","name":"JHAInternacional","url":"https:\/\/jhainternacional.com\/","logo":{"@type":"ImageObject","inLanguage":"es-CO","@id":"https:\/\/jhainternacional.com\/#\/schema\/logo\/image\/","url":"https:\/\/jhainternacional.com\/wp-content\/uploads\/2025\/07\/cropped-WhatsApp-Image-2025-06-16-at-6.53.00-PM.jpeg","contentUrl":"https:\/\/jhainternacional.com\/wp-content\/uploads\/2025\/07\/cropped-WhatsApp-Image-2025-06-16-at-6.53.00-PM.jpeg","width":1024,"height":635,"caption":"JHAInternacional"},"image":{"@id":"https:\/\/jhainternacional.com\/#\/schema\/logo\/image\/"}}]}},"jetpack_sharing_enabled":true,"_links":{"self":[{"href":"https:\/\/jhainternacional.com\/index.php?rest_route=\/wp\/v2\/product\/632","targetHints":{"allow":["GET"]}}],"collection":[{"href":"https:\/\/jhainternacional.com\/index.php?rest_route=\/wp\/v2\/product"}],"about":[{"href":"https:\/\/jhainternacional.com\/index.php?rest_route=\/wp\/v2\/types\/product"}],"replies":[{"embeddable":true,"href":"https:\/\/jhainternacional.com\/index.php?rest_route=%2Fwp%2Fv2%2Fcomments&post=632"}],"wp:featuredmedia":[{"embeddable":true,"href":"https:\/\/jhainternacional.com\/index.php?rest_route=\/wp\/v2\/media\/486"}],"wp:attachment":[{"href":"https:\/\/jhainternacional.com\/index.php?rest_route=%2Fwp%2Fv2%2Fmedia&parent=632"}],"wp:term":[{"taxonomy":"product_brand","embeddable":true,"href":"https:\/\/jhainternacional.com\/index.php?rest_route=%2Fwp%2Fv2%2Fproduct_brand&post=632"},{"taxonomy":"product_cat","embeddable":true,"href":"https:\/\/jhainternacional.com\/index.php?rest_route=%2Fwp%2Fv2%2Fproduct_cat&post=632"},{"taxonomy":"product_tag","embeddable":true,"href":"https:\/\/jhainternacional.com\/index.php?rest_route=%2Fwp%2Fv2%2Fproduct_tag&post=632"}],"curies":[{"name":"wp","href":"https:\/\/api.w.org\/{rel}","templated":true}]}}