{"id":603,"date":"2025-08-01T02:02:42","date_gmt":"2025-08-01T07:02:42","guid":{"rendered":"https:\/\/jhainternacional.com\/?post_type=product&#038;p=603"},"modified":"2025-09-02T01:25:57","modified_gmt":"2025-09-02T06:25:57","slug":"cepillo-barbero-de-lujo-jack-barber-cromado","status":"publish","type":"product","link":"https:\/\/jhainternacional.com\/?product=cepillo-barbero-de-lujo-jack-barber-cromado","title":{"rendered":"Cepillo Barbero de Lujo Jack Barber Cromado"},"content":{"rendered":"<ul data-spread=\"false\" data-pm-slice=\"3 3 []\">\n<li>FIBRA DE NYLON 100% de alta resistencia<\/li>\n<li>Ancho: 3,4 cm | Largo: 13 cm | 5 hileras de 10 mechones<\/li>\n<li>Incluye: Peine profesional de barbero en nylon reforzado con fibra de carbono<\/li>\n<\/ul>\n","protected":false},"excerpt":{"rendered":"<p class=\"elementor-heading-title elementor-size-default\">Cepillo de barbero para el FADE. Cabo de acr\u00edlico cromado. Te ayuda a visualizar con precisi\u00f3n tus trabajos de desvanecido.<\/p>\n<ul>\n<li data-start=\"2347\" data-end=\"2370\">\n<p data-start=\"2349\" data-end=\"2370\">Fibra de nylon 100%<\/p>\n<\/li>\n<li data-start=\"2371\" data-end=\"2391\">\n<p data-start=\"2373\" data-end=\"2391\">\u00d8 3,4 cm x 13 cm<\/p>\n<\/li>\n<li data-start=\"2392\" data-end=\"2454\">\n<p data-start=\"2394\" data-end=\"2454\">Incluye peinilla profesional reforzada en fibra de carbono<\/p>\n<\/li>\n<\/ul>\n","protected":false},"featured_media":524,"comment_status":"open","ping_status":"closed","template":"","meta":{"site-sidebar-layout":"default","site-content-layout":"","ast-site-content-layout":"default","site-content-style":"default","site-sidebar-style":"default","ast-global-header-display":"","ast-banner-title-visibility":"","ast-main-header-display":"","ast-hfb-above-header-display":"","ast-hfb-below-header-display":"","ast-hfb-mobile-header-display":"","site-post-title":"","ast-breadcrumbs-content":"","ast-featured-img":"","footer-sml-layout":"","theme-transparent-header-meta":"default","adv-header-id-meta":"","stick-header-meta":"","header-above-stick-meta":"","header-main-stick-meta":"","header-below-stick-meta":"","astra-migrate-meta-layouts":"set","ast-page-background-enabled":"default","ast-page-background-meta":{"desktop":{"background-color":"var(--ast-global-color-5)","background-image":"","background-repeat":"repeat","background-position":"center center","background-size":"auto","background-attachment":"scroll","background-type":"","background-media":"","overlay-type":"","overlay-color":"","overlay-opacity":"","overlay-gradient":""},"tablet":{"background-color":"","background-image":"","background-repeat":"repeat","background-position":"center center","background-size":"auto","background-attachment":"scroll","background-type":"","background-media":"","overlay-type":"","overlay-color":"","overlay-opacity":"","overlay-gradient":""},"mobile":{"background-color":"","background-image":"","background-repeat":"repeat","background-position":"center center","background-size":"auto","background-attachment":"scroll","background-type":"","background-media":"","overlay-type":"","overlay-color":"","overlay-opacity":"","overlay-gradient":""}},"ast-content-background-meta":{"desktop":{"background-color":"var(--ast-global-color-4)","background-image":"","background-repeat":"repeat","background-position":"center center","background-size":"auto","background-attachment":"scroll","background-type":"","background-media":"","overlay-type":"","overlay-color":"","overlay-opacity":"","overlay-gradient":""},"tablet":{"background-color":"var(--ast-global-color-4)","background-image":"","background-repeat":"repeat","background-position":"center center","background-size":"auto","background-attachment":"scroll","background-type":"","background-media":"","overlay-type":"","overlay-color":"","overlay-opacity":"","overlay-gradient":""},"mobile":{"background-color":"var(--ast-global-color-4)","background-image":"","background-repeat":"repeat","background-position":"center center","background-size":"auto","background-attachment":"scroll","background-type":"","background-media":"","overlay-type":"","overlay-color":"","overlay-opacity":"","overlay-gradient":""}},"_joinchat":{"message_text":"\ud83c\udfaf \u00a1Luce como un profesional!\n\ud83d\udc88 Cepillo Barbero de Lujo Jack Barber CROMADO por solo $23.000\n\u2728 Incluye \u00a1peinilla profesional GRATIS!\n\n\ud83d\udd25 Dise\u00f1o cromado + fibra de nylon 100%\n\ud83d\udce6 \u00a1Unidades limitadas!\n\n#JackBarber #Barber\u00edaPro #HerramientasDeLujo"}},"product_brand":[45],"product_cat":[44],"product_tag":[48,50,49,47],"class_list":{"0":"post-603","1":"product","2":"type-product","3":"status-publish","4":"has-post-thumbnail","6":"product_brand-jack-barber","7":"product_cat-barberia","8":"product_tag-barberia","9":"product_tag-barberos","10":"product_tag-desvanecido","11":"product_tag-jack-barber","12":"desktop-align-left","13":"tablet-align-left","14":"mobile-align-left","16":"first","17":"instock","18":"purchasable","19":"product-type-simple"},"yoast_head":"<!-- This site is optimized with the Yoast SEO plugin v25.0 - https:\/\/yoast.com\/wordpress\/plugins\/seo\/ -->\n<title>Cepillo Barbero de Lujo Jack Barber Cromado -<\/title>\n<meta name=\"robots\" content=\"index, follow, max-snippet:-1, max-image-preview:large, max-video-preview:-1\" \/>\n<link rel=\"canonical\" href=\"https:\/\/jhainternacional.com\/?product=cepillo-barbero-de-lujo-jack-barber-cromado\" \/>\n<meta property=\"og:locale\" content=\"es_ES\" \/>\n<meta property=\"og:type\" content=\"article\" \/>\n<meta property=\"og:title\" content=\"Cepillo Barbero de Lujo Jack Barber Cromado -\" \/>\n<meta property=\"og:description\" content=\"Cepillo de barbero para el FADE. Cabo de acr\u00edlico cromado. Te ayuda a visualizar con precisi\u00f3n tus trabajos de desvanecido.     Fibra de nylon 100%    \u00d8 3,4 cm x 13 cm    Incluye peinilla profesional reforzada en fibra de carbono\" \/>\n<meta property=\"og:url\" content=\"https:\/\/jhainternacional.com\/?product=cepillo-barbero-de-lujo-jack-barber-cromado\" \/>\n<meta property=\"article:modified_time\" content=\"2025-09-02T06:25:57+00:00\" \/>\n<meta property=\"og:image\" content=\"https:\/\/jhainternacional.com\/wp-content\/uploads\/2025\/07\/IMG-20250624-WA0015-1.jpg\" \/>\n\t<meta property=\"og:image:width\" content=\"1600\" \/>\n\t<meta property=\"og:image:height\" content=\"1204\" \/>\n\t<meta property=\"og:image:type\" content=\"image\/jpeg\" \/>\n<meta name=\"twitter:card\" content=\"summary_large_image\" \/>\n<meta name=\"twitter:label1\" content=\"Tiempo de lectura\" \/>\n\t<meta name=\"twitter:data1\" content=\"1 minuto\" \/>\n<script type=\"application\/ld+json\" class=\"yoast-schema-graph\">{\"@context\":\"https:\/\/schema.org\",\"@graph\":[{\"@type\":\"WebPage\",\"@id\":\"https:\/\/jhainternacional.com\/?product=cepillo-barbero-de-lujo-jack-barber-cromado\",\"url\":\"https:\/\/jhainternacional.com\/?product=cepillo-barbero-de-lujo-jack-barber-cromado\",\"name\":\"Cepillo Barbero de Lujo Jack Barber Cromado -\",\"isPartOf\":{\"@id\":\"https:\/\/jhainternacional.com\/#website\"},\"primaryImageOfPage\":{\"@id\":\"https:\/\/jhainternacional.com\/?product=cepillo-barbero-de-lujo-jack-barber-cromado#primaryimage\"},\"image\":{\"@id\":\"https:\/\/jhainternacional.com\/?product=cepillo-barbero-de-lujo-jack-barber-cromado#primaryimage\"},\"thumbnailUrl\":\"https:\/\/jhainternacional.com\/wp-content\/uploads\/2025\/07\/IMG-20250624-WA0015-1.jpg\",\"datePublished\":\"2025-08-01T07:02:42+00:00\",\"dateModified\":\"2025-09-02T06:25:57+00:00\",\"breadcrumb\":{\"@id\":\"https:\/\/jhainternacional.com\/?product=cepillo-barbero-de-lujo-jack-barber-cromado#breadcrumb\"},\"inLanguage\":\"es-CO\",\"potentialAction\":[{\"@type\":\"ReadAction\",\"target\":[\"https:\/\/jhainternacional.com\/?product=cepillo-barbero-de-lujo-jack-barber-cromado\"]}]},{\"@type\":\"ImageObject\",\"inLanguage\":\"es-CO\",\"@id\":\"https:\/\/jhainternacional.com\/?product=cepillo-barbero-de-lujo-jack-barber-cromado#primaryimage\",\"url\":\"https:\/\/jhainternacional.com\/wp-content\/uploads\/2025\/07\/IMG-20250624-WA0015-1.jpg\",\"contentUrl\":\"https:\/\/jhainternacional.com\/wp-content\/uploads\/2025\/07\/IMG-20250624-WA0015-1.jpg\",\"width\":1600,\"height\":1204},{\"@type\":\"BreadcrumbList\",\"@id\":\"https:\/\/jhainternacional.com\/?product=cepillo-barbero-de-lujo-jack-barber-cromado#breadcrumb\",\"itemListElement\":[{\"@type\":\"ListItem\",\"position\":1,\"name\":\"Inicio\",\"item\":\"https:\/\/jhainternacional.com\/\"},{\"@type\":\"ListItem\",\"position\":2,\"name\":\"Tienda\",\"item\":\"https:\/\/jhainternacional.com\/?page_id=186\"},{\"@type\":\"ListItem\",\"position\":3,\"name\":\"Cepillo Barbero de Lujo Jack Barber Cromado\"}]},{\"@type\":\"WebSite\",\"@id\":\"https:\/\/jhainternacional.com\/#website\",\"url\":\"https:\/\/jhainternacional.com\/\",\"name\":\"JHAInternacional\",\"description\":\"\",\"publisher\":{\"@id\":\"https:\/\/jhainternacional.com\/#organization\"},\"potentialAction\":[{\"@type\":\"SearchAction\",\"target\":{\"@type\":\"EntryPoint\",\"urlTemplate\":\"https:\/\/jhainternacional.com\/?s={search_term_string}\"},\"query-input\":{\"@type\":\"PropertyValueSpecification\",\"valueRequired\":true,\"valueName\":\"search_term_string\"}}],\"inLanguage\":\"es-CO\"},{\"@type\":\"Organization\",\"@id\":\"https:\/\/jhainternacional.com\/#organization\",\"name\":\"JHAInternacional\",\"url\":\"https:\/\/jhainternacional.com\/\",\"logo\":{\"@type\":\"ImageObject\",\"inLanguage\":\"es-CO\",\"@id\":\"https:\/\/jhainternacional.com\/#\/schema\/logo\/image\/\",\"url\":\"https:\/\/jhainternacional.com\/wp-content\/uploads\/2025\/07\/cropped-WhatsApp-Image-2025-06-16-at-6.53.00-PM.jpeg\",\"contentUrl\":\"https:\/\/jhainternacional.com\/wp-content\/uploads\/2025\/07\/cropped-WhatsApp-Image-2025-06-16-at-6.53.00-PM.jpeg\",\"width\":1024,\"height\":635,\"caption\":\"JHAInternacional\"},\"image\":{\"@id\":\"https:\/\/jhainternacional.com\/#\/schema\/logo\/image\/\"}}]}<\/script>\n<!-- \/ Yoast SEO plugin. -->","yoast_head_json":{"title":"Cepillo Barbero de Lujo Jack Barber Cromado -","robots":{"index":"index","follow":"follow","max-snippet":"max-snippet:-1","max-image-preview":"max-image-preview:large","max-video-preview":"max-video-preview:-1"},"canonical":"https:\/\/jhainternacional.com\/?product=cepillo-barbero-de-lujo-jack-barber-cromado","og_locale":"es_ES","og_type":"article","og_title":"Cepillo Barbero de Lujo Jack Barber Cromado -","og_description":"Cepillo de barbero para el FADE. Cabo de acr\u00edlico cromado. Te ayuda a visualizar con precisi\u00f3n tus trabajos de desvanecido.     Fibra de nylon 100%    \u00d8 3,4 cm x 13 cm    Incluye peinilla profesional reforzada en fibra de carbono","og_url":"https:\/\/jhainternacional.com\/?product=cepillo-barbero-de-lujo-jack-barber-cromado","article_modified_time":"2025-09-02T06:25:57+00:00","og_image":[{"width":1600,"height":1204,"url":"https:\/\/jhainternacional.com\/wp-content\/uploads\/2025\/07\/IMG-20250624-WA0015-1.jpg","type":"image\/jpeg"}],"twitter_card":"summary_large_image","twitter_misc":{"Tiempo de lectura":"1 minuto"},"schema":{"@context":"https:\/\/schema.org","@graph":[{"@type":"WebPage","@id":"https:\/\/jhainternacional.com\/?product=cepillo-barbero-de-lujo-jack-barber-cromado","url":"https:\/\/jhainternacional.com\/?product=cepillo-barbero-de-lujo-jack-barber-cromado","name":"Cepillo Barbero de Lujo Jack Barber Cromado -","isPartOf":{"@id":"https:\/\/jhainternacional.com\/#website"},"primaryImageOfPage":{"@id":"https:\/\/jhainternacional.com\/?product=cepillo-barbero-de-lujo-jack-barber-cromado#primaryimage"},"image":{"@id":"https:\/\/jhainternacional.com\/?product=cepillo-barbero-de-lujo-jack-barber-cromado#primaryimage"},"thumbnailUrl":"https:\/\/jhainternacional.com\/wp-content\/uploads\/2025\/07\/IMG-20250624-WA0015-1.jpg","datePublished":"2025-08-01T07:02:42+00:00","dateModified":"2025-09-02T06:25:57+00:00","breadcrumb":{"@id":"https:\/\/jhainternacional.com\/?product=cepillo-barbero-de-lujo-jack-barber-cromado#breadcrumb"},"inLanguage":"es-CO","potentialAction":[{"@type":"ReadAction","target":["https:\/\/jhainternacional.com\/?product=cepillo-barbero-de-lujo-jack-barber-cromado"]}]},{"@type":"ImageObject","inLanguage":"es-CO","@id":"https:\/\/jhainternacional.com\/?product=cepillo-barbero-de-lujo-jack-barber-cromado#primaryimage","url":"https:\/\/jhainternacional.com\/wp-content\/uploads\/2025\/07\/IMG-20250624-WA0015-1.jpg","contentUrl":"https:\/\/jhainternacional.com\/wp-content\/uploads\/2025\/07\/IMG-20250624-WA0015-1.jpg","width":1600,"height":1204},{"@type":"BreadcrumbList","@id":"https:\/\/jhainternacional.com\/?product=cepillo-barbero-de-lujo-jack-barber-cromado#breadcrumb","itemListElement":[{"@type":"ListItem","position":1,"name":"Inicio","item":"https:\/\/jhainternacional.com\/"},{"@type":"ListItem","position":2,"name":"Tienda","item":"https:\/\/jhainternacional.com\/?page_id=186"},{"@type":"ListItem","position":3,"name":"Cepillo Barbero de Lujo Jack Barber Cromado"}]},{"@type":"WebSite","@id":"https:\/\/jhainternacional.com\/#website","url":"https:\/\/jhainternacional.com\/","name":"JHAInternacional","description":"","publisher":{"@id":"https:\/\/jhainternacional.com\/#organization"},"potentialAction":[{"@type":"SearchAction","target":{"@type":"EntryPoint","urlTemplate":"https:\/\/jhainternacional.com\/?s={search_term_string}"},"query-input":{"@type":"PropertyValueSpecification","valueRequired":true,"valueName":"search_term_string"}}],"inLanguage":"es-CO"},{"@type":"Organization","@id":"https:\/\/jhainternacional.com\/#organization","name":"JHAInternacional","url":"https:\/\/jhainternacional.com\/","logo":{"@type":"ImageObject","inLanguage":"es-CO","@id":"https:\/\/jhainternacional.com\/#\/schema\/logo\/image\/","url":"https:\/\/jhainternacional.com\/wp-content\/uploads\/2025\/07\/cropped-WhatsApp-Image-2025-06-16-at-6.53.00-PM.jpeg","contentUrl":"https:\/\/jhainternacional.com\/wp-content\/uploads\/2025\/07\/cropped-WhatsApp-Image-2025-06-16-at-6.53.00-PM.jpeg","width":1024,"height":635,"caption":"JHAInternacional"},"image":{"@id":"https:\/\/jhainternacional.com\/#\/schema\/logo\/image\/"}}]}},"jetpack_sharing_enabled":true,"_links":{"self":[{"href":"https:\/\/jhainternacional.com\/index.php?rest_route=\/wp\/v2\/product\/603","targetHints":{"allow":["GET"]}}],"collection":[{"href":"https:\/\/jhainternacional.com\/index.php?rest_route=\/wp\/v2\/product"}],"about":[{"href":"https:\/\/jhainternacional.com\/index.php?rest_route=\/wp\/v2\/types\/product"}],"replies":[{"embeddable":true,"href":"https:\/\/jhainternacional.com\/index.php?rest_route=%2Fwp%2Fv2%2Fcomments&post=603"}],"wp:featuredmedia":[{"embeddable":true,"href":"https:\/\/jhainternacional.com\/index.php?rest_route=\/wp\/v2\/media\/524"}],"wp:attachment":[{"href":"https:\/\/jhainternacional.com\/index.php?rest_route=%2Fwp%2Fv2%2Fmedia&parent=603"}],"wp:term":[{"taxonomy":"product_brand","embeddable":true,"href":"https:\/\/jhainternacional.com\/index.php?rest_route=%2Fwp%2Fv2%2Fproduct_brand&post=603"},{"taxonomy":"product_cat","embeddable":true,"href":"https:\/\/jhainternacional.com\/index.php?rest_route=%2Fwp%2Fv2%2Fproduct_cat&post=603"},{"taxonomy":"product_tag","embeddable":true,"href":"https:\/\/jhainternacional.com\/index.php?rest_route=%2Fwp%2Fv2%2Fproduct_tag&post=603"}],"curies":[{"name":"wp","href":"https:\/\/api.w.org\/{rel}","templated":true}]}}