{"id":244,"date":"2025-03-20T16:10:25","date_gmt":"2025-03-20T21:10:25","guid":{"rendered":"https:\/\/jhainternacional.com\/?post_type=product&#038;p=244"},"modified":"2025-09-02T01:18:51","modified_gmt":"2025-09-02T06:18:51","slug":"capillo-verde","status":"publish","type":"product","link":"https:\/\/jhainternacional.com\/?product=capillo-verde","title":{"rendered":"Kit Marilyn \u2013 Color Azul"},"content":{"rendered":"<p data-pm-slice=\"0 0 []\">Nuestro KIT de 4 cepillos profesionales est\u00e1 dise\u00f1ado para estilistas que buscan herramientas duraderas, ergon\u00f3micas y seguras para la salud capilar. Disponibles en color verde, ideales para finalizaci\u00f3n del cepillado en cabello delgado y suave.<\/p>\n<p>&nbsp;<\/p>\n<p>Beneficios clave:<\/p>\n<p>\u2705 Materiales resistentes al calor y la humedad.<\/p>\n<p>\u2705 Cabos ergon\u00f3micos y ultra livianos para reducir la fatiga en la mu\u00f1eca.<\/p>\n<p>\u2705 Certificaci\u00f3n en bioseguridad: No acumulan hongos ni bacterias.<\/p>\n<p>\u2705 Larga vida \u00fatil: Se pueden esterilizar sin riesgo de deterioro.<\/p>\n<p>\u2705 Env\u00edo incluido en el precio.<\/p>\n","protected":false},"excerpt":{"rendered":"<p data-start=\"1210\" data-end=\"1235\"><strong data-start=\"1210\" data-end=\"1233\">Incluye 4 cepillos:<\/strong><\/p>\n<ul data-start=\"1236\" data-end=\"1368\">\n<li data-start=\"1236\" data-end=\"1276\">\n<p data-start=\"1238\" data-end=\"1276\">#1: \u00d8 8,5 cm x 26 cm (el m\u00e1s grande)<\/p>\n<\/li>\n<li data-start=\"1277\" data-end=\"1301\">\n<p data-start=\"1279\" data-end=\"1301\">#2: \u00d8 7,5 cm x 26 cm<\/p>\n<\/li>\n<li data-start=\"1302\" data-end=\"1326\">\n<p data-start=\"1304\" data-end=\"1326\">#3: \u00d8 5,5 cm x 26 cm<\/p>\n<\/li>\n<li data-start=\"1327\" data-end=\"1368\">\n<p data-start=\"1329\" data-end=\"1368\">#4: \u00d8 4,5 cm x 26 cm (el m\u00e1s peque\u00f1o)<\/p>\n<\/li>\n<\/ul>\n<p data-start=\"1370\" data-end=\"1392\"><strong data-start=\"1370\" data-end=\"1390\">Caracter\u00edsticas:<\/strong><\/p>\n<ul data-start=\"1393\" data-end=\"1541\">\n<li data-start=\"1393\" data-end=\"1425\">\n<p data-start=\"1395\" data-end=\"1425\">Nylon 100% de dureza fuerte.<\/p>\n<\/li>\n<li data-start=\"1426\" data-end=\"1471\">\n<p data-start=\"1428\" data-end=\"1471\">Mango de caucho sint\u00e9tico antideslizante.<\/p>\n<\/li>\n<li data-start=\"1472\" data-end=\"1541\">\n<p data-start=\"1474\" data-end=\"1541\">Ideal para cabellos gruesos, abundantes y con ondas muy marcadas.<\/p>\n<\/li>\n<\/ul>\n","protected":false},"featured_media":539,"comment_status":"open","ping_status":"closed","template":"","meta":{"site-sidebar-layout":"default","site-content-layout":"","ast-site-content-layout":"default","site-content-style":"default","site-sidebar-style":"default","ast-global-header-display":"","ast-banner-title-visibility":"","ast-main-header-display":"","ast-hfb-above-header-display":"","ast-hfb-below-header-display":"","ast-hfb-mobile-header-display":"","site-post-title":"","ast-breadcrumbs-content":"","ast-featured-img":"","footer-sml-layout":"","theme-transparent-header-meta":"default","adv-header-id-meta":"","stick-header-meta":"","header-above-stick-meta":"","header-main-stick-meta":"","header-below-stick-meta":"","astra-migrate-meta-layouts":"set","ast-page-background-enabled":"default","ast-page-background-meta":{"desktop":{"background-color":"var(--ast-global-color-5)","background-image":"","background-repeat":"repeat","background-position":"center center","background-size":"auto","background-attachment":"scroll","background-type":"","background-media":"","overlay-type":"","overlay-color":"","overlay-opacity":"","overlay-gradient":""},"tablet":{"background-color":"","background-image":"","background-repeat":"repeat","background-position":"center center","background-size":"auto","background-attachment":"scroll","background-type":"","background-media":"","overlay-type":"","overlay-color":"","overlay-opacity":"","overlay-gradient":""},"mobile":{"background-color":"","background-image":"","background-repeat":"repeat","background-position":"center center","background-size":"auto","background-attachment":"scroll","background-type":"","background-media":"","overlay-type":"","overlay-color":"","overlay-opacity":"","overlay-gradient":""}},"ast-content-background-meta":{"desktop":{"background-color":"var(--ast-global-color-4)","background-image":"","background-repeat":"repeat","background-position":"center center","background-size":"auto","background-attachment":"scroll","background-type":"","background-media":"","overlay-type":"","overlay-color":"","overlay-opacity":"","overlay-gradient":""},"tablet":{"background-color":"var(--ast-global-color-4)","background-image":"","background-repeat":"repeat","background-position":"center center","background-size":"auto","background-attachment":"scroll","background-type":"","background-media":"","overlay-type":"","overlay-color":"","overlay-opacity":"","overlay-gradient":""},"mobile":{"background-color":"var(--ast-global-color-4)","background-image":"","background-repeat":"repeat","background-position":"center center","background-size":"auto","background-attachment":"scroll","background-type":"","background-media":"","overlay-type":"","overlay-color":"","overlay-opacity":"","overlay-gradient":""}},"_joinchat":{"message_text":"\ud83d\udd25 Promoci\u00f3n especial \ud83d\udd25\nCompra tu kit profesional y recibe GRATIS un cepillo ORI\u00d3N Jumbo.\n\ud83d\udc49 Escr\u00edbenos ahora y aprovecha el beneficio."}},"product_brand":[46],"product_cat":[19],"product_tag":[33,34,32,31],"class_list":{"0":"post-244","1":"product","2":"type-product","3":"status-publish","4":"has-post-thumbnail","6":"product_brand-marilyn","7":"product_cat-cepillos","8":"product_tag-cabello-delgado","9":"product_tag-cabello-suave","10":"product_tag-finalizacion","11":"product_tag-verde","12":"desktop-align-left","13":"tablet-align-left","14":"mobile-align-left","16":"first","17":"instock","18":"taxable","19":"shipping-taxable","20":"purchasable","21":"product-type-simple"},"yoast_head":"<!-- This site is optimized with the Yoast SEO plugin v25.0 - https:\/\/yoast.com\/wordpress\/plugins\/seo\/ -->\n<title>Kit Marilyn \u2013 Color Azul -<\/title>\n<meta name=\"robots\" content=\"index, follow, max-snippet:-1, max-image-preview:large, max-video-preview:-1\" \/>\n<link rel=\"canonical\" href=\"https:\/\/jhainternacional.com\/?product=capillo-verde\" \/>\n<meta property=\"og:locale\" content=\"es_ES\" \/>\n<meta property=\"og:type\" content=\"article\" \/>\n<meta property=\"og:title\" content=\"Kit Marilyn \u2013 Color Azul -\" \/>\n<meta property=\"og:description\" content=\"Incluye 4 cepillos:     #1: \u00d8 8,5 cm x 26 cm (el m\u00e1s grande)    #2: \u00d8 7,5 cm x 26 cm    #3: \u00d8 5,5 cm x 26 cm    #4: \u00d8 4,5 cm x 26 cm (el m\u00e1s peque\u00f1o)   Caracter\u00edsticas:     Nylon 100% de dureza fuerte.    Mango de caucho sint\u00e9tico antideslizante.    Ideal para cabellos gruesos, abundantes y con ondas muy marcadas.\" \/>\n<meta property=\"og:url\" content=\"https:\/\/jhainternacional.com\/?product=capillo-verde\" \/>\n<meta property=\"article:modified_time\" content=\"2025-09-02T06:18:51+00:00\" \/>\n<meta property=\"og:image\" content=\"https:\/\/jhainternacional.com\/wp-content\/uploads\/2025\/07\/IMG-20250624-WA0003.jpg\" \/>\n\t<meta property=\"og:image:width\" content=\"1572\" \/>\n\t<meta property=\"og:image:height\" content=\"1385\" \/>\n\t<meta property=\"og:image:type\" content=\"image\/jpeg\" \/>\n<meta name=\"twitter:card\" content=\"summary_large_image\" \/>\n<meta name=\"twitter:label1\" content=\"Tiempo de lectura\" \/>\n\t<meta name=\"twitter:data1\" content=\"1 minuto\" \/>\n<script type=\"application\/ld+json\" class=\"yoast-schema-graph\">{\"@context\":\"https:\/\/schema.org\",\"@graph\":[{\"@type\":\"WebPage\",\"@id\":\"https:\/\/jhainternacional.com\/?product=capillo-verde\",\"url\":\"https:\/\/jhainternacional.com\/?product=capillo-verde\",\"name\":\"Kit Marilyn \u2013 Color Azul -\",\"isPartOf\":{\"@id\":\"https:\/\/jhainternacional.com\/#website\"},\"primaryImageOfPage\":{\"@id\":\"https:\/\/jhainternacional.com\/?product=capillo-verde#primaryimage\"},\"image\":{\"@id\":\"https:\/\/jhainternacional.com\/?product=capillo-verde#primaryimage\"},\"thumbnailUrl\":\"https:\/\/jhainternacional.com\/wp-content\/uploads\/2025\/07\/IMG-20250624-WA0003.jpg\",\"datePublished\":\"2025-03-20T21:10:25+00:00\",\"dateModified\":\"2025-09-02T06:18:51+00:00\",\"breadcrumb\":{\"@id\":\"https:\/\/jhainternacional.com\/?product=capillo-verde#breadcrumb\"},\"inLanguage\":\"es-CO\",\"potentialAction\":[{\"@type\":\"ReadAction\",\"target\":[\"https:\/\/jhainternacional.com\/?product=capillo-verde\"]}]},{\"@type\":\"ImageObject\",\"inLanguage\":\"es-CO\",\"@id\":\"https:\/\/jhainternacional.com\/?product=capillo-verde#primaryimage\",\"url\":\"https:\/\/jhainternacional.com\/wp-content\/uploads\/2025\/07\/IMG-20250624-WA0003.jpg\",\"contentUrl\":\"https:\/\/jhainternacional.com\/wp-content\/uploads\/2025\/07\/IMG-20250624-WA0003.jpg\",\"width\":1572,\"height\":1385},{\"@type\":\"BreadcrumbList\",\"@id\":\"https:\/\/jhainternacional.com\/?product=capillo-verde#breadcrumb\",\"itemListElement\":[{\"@type\":\"ListItem\",\"position\":1,\"name\":\"Inicio\",\"item\":\"https:\/\/jhainternacional.com\/\"},{\"@type\":\"ListItem\",\"position\":2,\"name\":\"Tienda\",\"item\":\"https:\/\/jhainternacional.com\/?page_id=186\"},{\"@type\":\"ListItem\",\"position\":3,\"name\":\"Kit Marilyn \u2013 Color Azul\"}]},{\"@type\":\"WebSite\",\"@id\":\"https:\/\/jhainternacional.com\/#website\",\"url\":\"https:\/\/jhainternacional.com\/\",\"name\":\"JHAInternacional\",\"description\":\"\",\"publisher\":{\"@id\":\"https:\/\/jhainternacional.com\/#organization\"},\"potentialAction\":[{\"@type\":\"SearchAction\",\"target\":{\"@type\":\"EntryPoint\",\"urlTemplate\":\"https:\/\/jhainternacional.com\/?s={search_term_string}\"},\"query-input\":{\"@type\":\"PropertyValueSpecification\",\"valueRequired\":true,\"valueName\":\"search_term_string\"}}],\"inLanguage\":\"es-CO\"},{\"@type\":\"Organization\",\"@id\":\"https:\/\/jhainternacional.com\/#organization\",\"name\":\"JHAInternacional\",\"url\":\"https:\/\/jhainternacional.com\/\",\"logo\":{\"@type\":\"ImageObject\",\"inLanguage\":\"es-CO\",\"@id\":\"https:\/\/jhainternacional.com\/#\/schema\/logo\/image\/\",\"url\":\"https:\/\/jhainternacional.com\/wp-content\/uploads\/2025\/07\/cropped-WhatsApp-Image-2025-06-16-at-6.53.00-PM.jpeg\",\"contentUrl\":\"https:\/\/jhainternacional.com\/wp-content\/uploads\/2025\/07\/cropped-WhatsApp-Image-2025-06-16-at-6.53.00-PM.jpeg\",\"width\":1024,\"height\":635,\"caption\":\"JHAInternacional\"},\"image\":{\"@id\":\"https:\/\/jhainternacional.com\/#\/schema\/logo\/image\/\"}}]}<\/script>\n<!-- \/ Yoast SEO plugin. -->","yoast_head_json":{"title":"Kit Marilyn \u2013 Color Azul -","robots":{"index":"index","follow":"follow","max-snippet":"max-snippet:-1","max-image-preview":"max-image-preview:large","max-video-preview":"max-video-preview:-1"},"canonical":"https:\/\/jhainternacional.com\/?product=capillo-verde","og_locale":"es_ES","og_type":"article","og_title":"Kit Marilyn \u2013 Color Azul -","og_description":"Incluye 4 cepillos:     #1: \u00d8 8,5 cm x 26 cm (el m\u00e1s grande)    #2: \u00d8 7,5 cm x 26 cm    #3: \u00d8 5,5 cm x 26 cm    #4: \u00d8 4,5 cm x 26 cm (el m\u00e1s peque\u00f1o)   Caracter\u00edsticas:     Nylon 100% de dureza fuerte.    Mango de caucho sint\u00e9tico antideslizante.    Ideal para cabellos gruesos, abundantes y con ondas muy marcadas.","og_url":"https:\/\/jhainternacional.com\/?product=capillo-verde","article_modified_time":"2025-09-02T06:18:51+00:00","og_image":[{"width":1572,"height":1385,"url":"https:\/\/jhainternacional.com\/wp-content\/uploads\/2025\/07\/IMG-20250624-WA0003.jpg","type":"image\/jpeg"}],"twitter_card":"summary_large_image","twitter_misc":{"Tiempo de lectura":"1 minuto"},"schema":{"@context":"https:\/\/schema.org","@graph":[{"@type":"WebPage","@id":"https:\/\/jhainternacional.com\/?product=capillo-verde","url":"https:\/\/jhainternacional.com\/?product=capillo-verde","name":"Kit Marilyn \u2013 Color Azul -","isPartOf":{"@id":"https:\/\/jhainternacional.com\/#website"},"primaryImageOfPage":{"@id":"https:\/\/jhainternacional.com\/?product=capillo-verde#primaryimage"},"image":{"@id":"https:\/\/jhainternacional.com\/?product=capillo-verde#primaryimage"},"thumbnailUrl":"https:\/\/jhainternacional.com\/wp-content\/uploads\/2025\/07\/IMG-20250624-WA0003.jpg","datePublished":"2025-03-20T21:10:25+00:00","dateModified":"2025-09-02T06:18:51+00:00","breadcrumb":{"@id":"https:\/\/jhainternacional.com\/?product=capillo-verde#breadcrumb"},"inLanguage":"es-CO","potentialAction":[{"@type":"ReadAction","target":["https:\/\/jhainternacional.com\/?product=capillo-verde"]}]},{"@type":"ImageObject","inLanguage":"es-CO","@id":"https:\/\/jhainternacional.com\/?product=capillo-verde#primaryimage","url":"https:\/\/jhainternacional.com\/wp-content\/uploads\/2025\/07\/IMG-20250624-WA0003.jpg","contentUrl":"https:\/\/jhainternacional.com\/wp-content\/uploads\/2025\/07\/IMG-20250624-WA0003.jpg","width":1572,"height":1385},{"@type":"BreadcrumbList","@id":"https:\/\/jhainternacional.com\/?product=capillo-verde#breadcrumb","itemListElement":[{"@type":"ListItem","position":1,"name":"Inicio","item":"https:\/\/jhainternacional.com\/"},{"@type":"ListItem","position":2,"name":"Tienda","item":"https:\/\/jhainternacional.com\/?page_id=186"},{"@type":"ListItem","position":3,"name":"Kit Marilyn \u2013 Color Azul"}]},{"@type":"WebSite","@id":"https:\/\/jhainternacional.com\/#website","url":"https:\/\/jhainternacional.com\/","name":"JHAInternacional","description":"","publisher":{"@id":"https:\/\/jhainternacional.com\/#organization"},"potentialAction":[{"@type":"SearchAction","target":{"@type":"EntryPoint","urlTemplate":"https:\/\/jhainternacional.com\/?s={search_term_string}"},"query-input":{"@type":"PropertyValueSpecification","valueRequired":true,"valueName":"search_term_string"}}],"inLanguage":"es-CO"},{"@type":"Organization","@id":"https:\/\/jhainternacional.com\/#organization","name":"JHAInternacional","url":"https:\/\/jhainternacional.com\/","logo":{"@type":"ImageObject","inLanguage":"es-CO","@id":"https:\/\/jhainternacional.com\/#\/schema\/logo\/image\/","url":"https:\/\/jhainternacional.com\/wp-content\/uploads\/2025\/07\/cropped-WhatsApp-Image-2025-06-16-at-6.53.00-PM.jpeg","contentUrl":"https:\/\/jhainternacional.com\/wp-content\/uploads\/2025\/07\/cropped-WhatsApp-Image-2025-06-16-at-6.53.00-PM.jpeg","width":1024,"height":635,"caption":"JHAInternacional"},"image":{"@id":"https:\/\/jhainternacional.com\/#\/schema\/logo\/image\/"}}]}},"jetpack_sharing_enabled":true,"_links":{"self":[{"href":"https:\/\/jhainternacional.com\/index.php?rest_route=\/wp\/v2\/product\/244","targetHints":{"allow":["GET"]}}],"collection":[{"href":"https:\/\/jhainternacional.com\/index.php?rest_route=\/wp\/v2\/product"}],"about":[{"href":"https:\/\/jhainternacional.com\/index.php?rest_route=\/wp\/v2\/types\/product"}],"replies":[{"embeddable":true,"href":"https:\/\/jhainternacional.com\/index.php?rest_route=%2Fwp%2Fv2%2Fcomments&post=244"}],"wp:featuredmedia":[{"embeddable":true,"href":"https:\/\/jhainternacional.com\/index.php?rest_route=\/wp\/v2\/media\/539"}],"wp:attachment":[{"href":"https:\/\/jhainternacional.com\/index.php?rest_route=%2Fwp%2Fv2%2Fmedia&parent=244"}],"wp:term":[{"taxonomy":"product_brand","embeddable":true,"href":"https:\/\/jhainternacional.com\/index.php?rest_route=%2Fwp%2Fv2%2Fproduct_brand&post=244"},{"taxonomy":"product_cat","embeddable":true,"href":"https:\/\/jhainternacional.com\/index.php?rest_route=%2Fwp%2Fv2%2Fproduct_cat&post=244"},{"taxonomy":"product_tag","embeddable":true,"href":"https:\/\/jhainternacional.com\/index.php?rest_route=%2Fwp%2Fv2%2Fproduct_tag&post=244"}],"curies":[{"name":"wp","href":"https:\/\/api.w.org\/{rel}","templated":true}]}}