{"id":241,"date":"2025-03-20T16:06:17","date_gmt":"2025-03-20T21:06:17","guid":{"rendered":"https:\/\/jhainternacional.com\/?post_type=product&#038;p=241"},"modified":"2025-09-02T01:16:22","modified_gmt":"2025-09-02T06:16:22","slug":"cepillo-blanco","status":"publish","type":"product","link":"https:\/\/jhainternacional.com\/?product=cepillo-blanco","title":{"rendered":"Kit Apolo \u2013 Color Blanco N\u00e1car"},"content":{"rendered":"<p data-pm-slice=\"0 0 []\">Nuestro KIT de 4 cepillos profesionales est\u00e1 dise\u00f1ado para estilistas que buscan herramientas duraderas, ergon\u00f3micas y seguras para la salud capilar. Disponibles en color blanco, mixtos, ideales para distintos tipos de cabello.<\/p>\n<p>&nbsp;<\/p>\n<p>Beneficios clave:<\/p>\n<p>\u2705 Materiales resistentes al calor y la humedad.<\/p>\n<p>\u2705 Cabos ergon\u00f3micos y ultra livianos para reducir la fatiga en la mu\u00f1eca.<\/p>\n<p>\u2705 Certificaci\u00f3n en bioseguridad: No acumulan hongos ni bacterias.<\/p>\n<p>\u2705 Larga vida \u00fatil: Se pueden esterilizar sin riesgo de deterioro.<\/p>\n<p>\u2705 Env\u00edo incluido en el precio.<\/p>\n","protected":false},"excerpt":{"rendered":"<p data-start=\"764\" data-end=\"789\"><strong data-start=\"764\" data-end=\"787\">Incluye 4 cepillos:<\/strong><\/p>\n<ul data-start=\"790\" data-end=\"903\">\n<li data-start=\"790\" data-end=\"828\">\n<p data-start=\"792\" data-end=\"828\">#1: \u00d8 9 cm x 26 cm (el m\u00e1s grande)<\/p>\n<\/li>\n<li data-start=\"829\" data-end=\"853\">\n<p data-start=\"831\" data-end=\"853\">#2: \u00d8 7,5 cm x 26 cm<\/p>\n<\/li>\n<li data-start=\"854\" data-end=\"878\">\n<p data-start=\"856\" data-end=\"878\">#3: \u00d8 6,5 cm x 26 cm<\/p>\n<\/li>\n<li data-start=\"879\" data-end=\"903\">\n<p data-start=\"881\" data-end=\"903\">#4: \u00d8 5,5 cm x 26 cm<\/p>\n<\/li>\n<\/ul>\n<p data-start=\"905\" data-end=\"927\"><strong data-start=\"905\" data-end=\"925\">Caracter\u00edsticas:<\/strong><\/p>\n<ul data-start=\"928\" data-end=\"1073\">\n<li data-start=\"928\" data-end=\"966\">\n<p data-start=\"930\" data-end=\"966\">Nylon mixto, dureza suave a media.<\/p>\n<\/li>\n<li data-start=\"967\" data-end=\"1019\">\n<p data-start=\"969\" data-end=\"1019\">Mango de caucho sint\u00e9tico para excelente agarre.<\/p>\n<\/li>\n<li data-start=\"1020\" data-end=\"1073\">\n<p data-start=\"1022\" data-end=\"1073\">Ideal para cabellos de contextura suave a normal.<\/p>\n<\/li>\n<\/ul>\n","protected":false},"featured_media":529,"comment_status":"open","ping_status":"closed","template":"","meta":{"site-sidebar-layout":"default","site-content-layout":"","ast-site-content-layout":"default","site-content-style":"default","site-sidebar-style":"default","ast-global-header-display":"","ast-banner-title-visibility":"","ast-main-header-display":"","ast-hfb-above-header-display":"","ast-hfb-below-header-display":"","ast-hfb-mobile-header-display":"","site-post-title":"","ast-breadcrumbs-content":"","ast-featured-img":"","footer-sml-layout":"","theme-transparent-header-meta":"default","adv-header-id-meta":"","stick-header-meta":"","header-above-stick-meta":"","header-main-stick-meta":"","header-below-stick-meta":"","astra-migrate-meta-layouts":"set","ast-page-background-enabled":"default","ast-page-background-meta":{"desktop":{"background-color":"var(--ast-global-color-5)","background-image":"","background-repeat":"repeat","background-position":"center center","background-size":"auto","background-attachment":"scroll","background-type":"","background-media":"","overlay-type":"","overlay-color":"","overlay-opacity":"","overlay-gradient":""},"tablet":{"background-color":"","background-image":"","background-repeat":"repeat","background-position":"center center","background-size":"auto","background-attachment":"scroll","background-type":"","background-media":"","overlay-type":"","overlay-color":"","overlay-opacity":"","overlay-gradient":""},"mobile":{"background-color":"","background-image":"","background-repeat":"repeat","background-position":"center center","background-size":"auto","background-attachment":"scroll","background-type":"","background-media":"","overlay-type":"","overlay-color":"","overlay-opacity":"","overlay-gradient":""}},"ast-content-background-meta":{"desktop":{"background-color":"var(--ast-global-color-4)","background-image":"","background-repeat":"repeat","background-position":"center center","background-size":"auto","background-attachment":"scroll","background-type":"","background-media":"","overlay-type":"","overlay-color":"","overlay-opacity":"","overlay-gradient":""},"tablet":{"background-color":"var(--ast-global-color-4)","background-image":"","background-repeat":"repeat","background-position":"center center","background-size":"auto","background-attachment":"scroll","background-type":"","background-media":"","overlay-type":"","overlay-color":"","overlay-opacity":"","overlay-gradient":""},"mobile":{"background-color":"var(--ast-global-color-4)","background-image":"","background-repeat":"repeat","background-position":"center center","background-size":"auto","background-attachment":"scroll","background-type":"","background-media":"","overlay-type":"","overlay-color":"","overlay-opacity":"","overlay-gradient":""}},"_joinchat":[]},"product_brand":[30],"product_cat":[19],"product_tag":[],"class_list":{"0":"post-241","1":"product","2":"type-product","3":"status-publish","4":"has-post-thumbnail","6":"product_brand-galaxy-pro","7":"product_cat-cepillos","8":"desktop-align-left","9":"tablet-align-left","10":"mobile-align-left","12":"first","13":"instock","14":"taxable","15":"shipping-taxable","16":"purchasable","17":"product-type-simple"},"yoast_head":"<!-- This site is optimized with the Yoast SEO plugin v25.0 - https:\/\/yoast.com\/wordpress\/plugins\/seo\/ -->\n<title>Kit Apolo \u2013 Color Blanco N\u00e1car -<\/title>\n<meta name=\"robots\" content=\"index, follow, max-snippet:-1, max-image-preview:large, max-video-preview:-1\" \/>\n<link rel=\"canonical\" href=\"https:\/\/jhainternacional.com\/?product=cepillo-blanco\" \/>\n<meta property=\"og:locale\" content=\"es_ES\" \/>\n<meta property=\"og:type\" content=\"article\" \/>\n<meta property=\"og:title\" content=\"Kit Apolo \u2013 Color Blanco N\u00e1car -\" \/>\n<meta property=\"og:description\" content=\"Incluye 4 cepillos:     #1: \u00d8 9 cm x 26 cm (el m\u00e1s grande)    #2: \u00d8 7,5 cm x 26 cm    #3: \u00d8 6,5 cm x 26 cm    #4: \u00d8 5,5 cm x 26 cm   Caracter\u00edsticas:     Nylon mixto, dureza suave a media.    Mango de caucho sint\u00e9tico para excelente agarre.    Ideal para cabellos de contextura suave a normal.\" \/>\n<meta property=\"og:url\" content=\"https:\/\/jhainternacional.com\/?product=cepillo-blanco\" \/>\n<meta property=\"article:modified_time\" content=\"2025-09-02T06:16:22+00:00\" \/>\n<meta property=\"og:image\" content=\"https:\/\/jhainternacional.com\/wp-content\/uploads\/2025\/07\/IMG-20250623-WA0066.jpg\" \/>\n\t<meta property=\"og:image:width\" content=\"1384\" \/>\n\t<meta property=\"og:image:height\" content=\"1411\" \/>\n\t<meta property=\"og:image:type\" content=\"image\/jpeg\" \/>\n<meta name=\"twitter:card\" content=\"summary_large_image\" \/>\n<meta name=\"twitter:label1\" content=\"Tiempo de lectura\" \/>\n\t<meta name=\"twitter:data1\" content=\"1 minuto\" \/>\n<script type=\"application\/ld+json\" class=\"yoast-schema-graph\">{\"@context\":\"https:\/\/schema.org\",\"@graph\":[{\"@type\":\"WebPage\",\"@id\":\"https:\/\/jhainternacional.com\/?product=cepillo-blanco\",\"url\":\"https:\/\/jhainternacional.com\/?product=cepillo-blanco\",\"name\":\"Kit Apolo \u2013 Color Blanco N\u00e1car -\",\"isPartOf\":{\"@id\":\"https:\/\/jhainternacional.com\/#website\"},\"primaryImageOfPage\":{\"@id\":\"https:\/\/jhainternacional.com\/?product=cepillo-blanco#primaryimage\"},\"image\":{\"@id\":\"https:\/\/jhainternacional.com\/?product=cepillo-blanco#primaryimage\"},\"thumbnailUrl\":\"https:\/\/jhainternacional.com\/wp-content\/uploads\/2025\/07\/IMG-20250623-WA0066.jpg\",\"datePublished\":\"2025-03-20T21:06:17+00:00\",\"dateModified\":\"2025-09-02T06:16:22+00:00\",\"breadcrumb\":{\"@id\":\"https:\/\/jhainternacional.com\/?product=cepillo-blanco#breadcrumb\"},\"inLanguage\":\"es-CO\",\"potentialAction\":[{\"@type\":\"ReadAction\",\"target\":[\"https:\/\/jhainternacional.com\/?product=cepillo-blanco\"]}]},{\"@type\":\"ImageObject\",\"inLanguage\":\"es-CO\",\"@id\":\"https:\/\/jhainternacional.com\/?product=cepillo-blanco#primaryimage\",\"url\":\"https:\/\/jhainternacional.com\/wp-content\/uploads\/2025\/07\/IMG-20250623-WA0066.jpg\",\"contentUrl\":\"https:\/\/jhainternacional.com\/wp-content\/uploads\/2025\/07\/IMG-20250623-WA0066.jpg\",\"width\":1384,\"height\":1411},{\"@type\":\"BreadcrumbList\",\"@id\":\"https:\/\/jhainternacional.com\/?product=cepillo-blanco#breadcrumb\",\"itemListElement\":[{\"@type\":\"ListItem\",\"position\":1,\"name\":\"Inicio\",\"item\":\"https:\/\/jhainternacional.com\/\"},{\"@type\":\"ListItem\",\"position\":2,\"name\":\"Tienda\",\"item\":\"https:\/\/jhainternacional.com\/?page_id=186\"},{\"@type\":\"ListItem\",\"position\":3,\"name\":\"Kit Apolo \u2013 Color Blanco N\u00e1car\"}]},{\"@type\":\"WebSite\",\"@id\":\"https:\/\/jhainternacional.com\/#website\",\"url\":\"https:\/\/jhainternacional.com\/\",\"name\":\"JHAInternacional\",\"description\":\"\",\"publisher\":{\"@id\":\"https:\/\/jhainternacional.com\/#organization\"},\"potentialAction\":[{\"@type\":\"SearchAction\",\"target\":{\"@type\":\"EntryPoint\",\"urlTemplate\":\"https:\/\/jhainternacional.com\/?s={search_term_string}\"},\"query-input\":{\"@type\":\"PropertyValueSpecification\",\"valueRequired\":true,\"valueName\":\"search_term_string\"}}],\"inLanguage\":\"es-CO\"},{\"@type\":\"Organization\",\"@id\":\"https:\/\/jhainternacional.com\/#organization\",\"name\":\"JHAInternacional\",\"url\":\"https:\/\/jhainternacional.com\/\",\"logo\":{\"@type\":\"ImageObject\",\"inLanguage\":\"es-CO\",\"@id\":\"https:\/\/jhainternacional.com\/#\/schema\/logo\/image\/\",\"url\":\"https:\/\/jhainternacional.com\/wp-content\/uploads\/2025\/07\/cropped-WhatsApp-Image-2025-06-16-at-6.53.00-PM.jpeg\",\"contentUrl\":\"https:\/\/jhainternacional.com\/wp-content\/uploads\/2025\/07\/cropped-WhatsApp-Image-2025-06-16-at-6.53.00-PM.jpeg\",\"width\":1024,\"height\":635,\"caption\":\"JHAInternacional\"},\"image\":{\"@id\":\"https:\/\/jhainternacional.com\/#\/schema\/logo\/image\/\"}}]}<\/script>\n<!-- \/ Yoast SEO plugin. -->","yoast_head_json":{"title":"Kit Apolo \u2013 Color Blanco N\u00e1car -","robots":{"index":"index","follow":"follow","max-snippet":"max-snippet:-1","max-image-preview":"max-image-preview:large","max-video-preview":"max-video-preview:-1"},"canonical":"https:\/\/jhainternacional.com\/?product=cepillo-blanco","og_locale":"es_ES","og_type":"article","og_title":"Kit Apolo \u2013 Color Blanco N\u00e1car -","og_description":"Incluye 4 cepillos:     #1: \u00d8 9 cm x 26 cm (el m\u00e1s grande)    #2: \u00d8 7,5 cm x 26 cm    #3: \u00d8 6,5 cm x 26 cm    #4: \u00d8 5,5 cm x 26 cm   Caracter\u00edsticas:     Nylon mixto, dureza suave a media.    Mango de caucho sint\u00e9tico para excelente agarre.    Ideal para cabellos de contextura suave a normal.","og_url":"https:\/\/jhainternacional.com\/?product=cepillo-blanco","article_modified_time":"2025-09-02T06:16:22+00:00","og_image":[{"width":1384,"height":1411,"url":"https:\/\/jhainternacional.com\/wp-content\/uploads\/2025\/07\/IMG-20250623-WA0066.jpg","type":"image\/jpeg"}],"twitter_card":"summary_large_image","twitter_misc":{"Tiempo de lectura":"1 minuto"},"schema":{"@context":"https:\/\/schema.org","@graph":[{"@type":"WebPage","@id":"https:\/\/jhainternacional.com\/?product=cepillo-blanco","url":"https:\/\/jhainternacional.com\/?product=cepillo-blanco","name":"Kit Apolo \u2013 Color Blanco N\u00e1car -","isPartOf":{"@id":"https:\/\/jhainternacional.com\/#website"},"primaryImageOfPage":{"@id":"https:\/\/jhainternacional.com\/?product=cepillo-blanco#primaryimage"},"image":{"@id":"https:\/\/jhainternacional.com\/?product=cepillo-blanco#primaryimage"},"thumbnailUrl":"https:\/\/jhainternacional.com\/wp-content\/uploads\/2025\/07\/IMG-20250623-WA0066.jpg","datePublished":"2025-03-20T21:06:17+00:00","dateModified":"2025-09-02T06:16:22+00:00","breadcrumb":{"@id":"https:\/\/jhainternacional.com\/?product=cepillo-blanco#breadcrumb"},"inLanguage":"es-CO","potentialAction":[{"@type":"ReadAction","target":["https:\/\/jhainternacional.com\/?product=cepillo-blanco"]}]},{"@type":"ImageObject","inLanguage":"es-CO","@id":"https:\/\/jhainternacional.com\/?product=cepillo-blanco#primaryimage","url":"https:\/\/jhainternacional.com\/wp-content\/uploads\/2025\/07\/IMG-20250623-WA0066.jpg","contentUrl":"https:\/\/jhainternacional.com\/wp-content\/uploads\/2025\/07\/IMG-20250623-WA0066.jpg","width":1384,"height":1411},{"@type":"BreadcrumbList","@id":"https:\/\/jhainternacional.com\/?product=cepillo-blanco#breadcrumb","itemListElement":[{"@type":"ListItem","position":1,"name":"Inicio","item":"https:\/\/jhainternacional.com\/"},{"@type":"ListItem","position":2,"name":"Tienda","item":"https:\/\/jhainternacional.com\/?page_id=186"},{"@type":"ListItem","position":3,"name":"Kit Apolo \u2013 Color Blanco N\u00e1car"}]},{"@type":"WebSite","@id":"https:\/\/jhainternacional.com\/#website","url":"https:\/\/jhainternacional.com\/","name":"JHAInternacional","description":"","publisher":{"@id":"https:\/\/jhainternacional.com\/#organization"},"potentialAction":[{"@type":"SearchAction","target":{"@type":"EntryPoint","urlTemplate":"https:\/\/jhainternacional.com\/?s={search_term_string}"},"query-input":{"@type":"PropertyValueSpecification","valueRequired":true,"valueName":"search_term_string"}}],"inLanguage":"es-CO"},{"@type":"Organization","@id":"https:\/\/jhainternacional.com\/#organization","name":"JHAInternacional","url":"https:\/\/jhainternacional.com\/","logo":{"@type":"ImageObject","inLanguage":"es-CO","@id":"https:\/\/jhainternacional.com\/#\/schema\/logo\/image\/","url":"https:\/\/jhainternacional.com\/wp-content\/uploads\/2025\/07\/cropped-WhatsApp-Image-2025-06-16-at-6.53.00-PM.jpeg","contentUrl":"https:\/\/jhainternacional.com\/wp-content\/uploads\/2025\/07\/cropped-WhatsApp-Image-2025-06-16-at-6.53.00-PM.jpeg","width":1024,"height":635,"caption":"JHAInternacional"},"image":{"@id":"https:\/\/jhainternacional.com\/#\/schema\/logo\/image\/"}}]}},"jetpack_sharing_enabled":true,"_links":{"self":[{"href":"https:\/\/jhainternacional.com\/index.php?rest_route=\/wp\/v2\/product\/241","targetHints":{"allow":["GET"]}}],"collection":[{"href":"https:\/\/jhainternacional.com\/index.php?rest_route=\/wp\/v2\/product"}],"about":[{"href":"https:\/\/jhainternacional.com\/index.php?rest_route=\/wp\/v2\/types\/product"}],"replies":[{"embeddable":true,"href":"https:\/\/jhainternacional.com\/index.php?rest_route=%2Fwp%2Fv2%2Fcomments&post=241"}],"wp:featuredmedia":[{"embeddable":true,"href":"https:\/\/jhainternacional.com\/index.php?rest_route=\/wp\/v2\/media\/529"}],"wp:attachment":[{"href":"https:\/\/jhainternacional.com\/index.php?rest_route=%2Fwp%2Fv2%2Fmedia&parent=241"}],"wp:term":[{"taxonomy":"product_brand","embeddable":true,"href":"https:\/\/jhainternacional.com\/index.php?rest_route=%2Fwp%2Fv2%2Fproduct_brand&post=241"},{"taxonomy":"product_cat","embeddable":true,"href":"https:\/\/jhainternacional.com\/index.php?rest_route=%2Fwp%2Fv2%2Fproduct_cat&post=241"},{"taxonomy":"product_tag","embeddable":true,"href":"https:\/\/jhainternacional.com\/index.php?rest_route=%2Fwp%2Fv2%2Fproduct_tag&post=241"}],"curies":[{"name":"wp","href":"https:\/\/api.w.org\/{rel}","templated":true}]}}